{"id":4109,"date":"2018-04-26T16:38:00","date_gmt":"2018-04-26T16:38:00","guid":{"rendered":"https:\/\/transparencia.pt\/?page_id=4109"},"modified":"2018-04-26T17:26:07","modified_gmt":"2018-04-26T17:26:07","slug":"what-we-do","status":"publish","type":"page","link":"https:\/\/transparencia.pt\/en\/what-we-do\/","title":{"rendered":"What we do"},"content":{"rendered":"<div id=\"pl-4109\"  class=\"panel-layout\" ><div id=\"pg-4109-0\"  class=\"panel-grid panel-no-style\" ><div id=\"pgc-4109-0-0\"  class=\"panel-grid-cell\" ><div id=\"panel-4109-0-0-0\" class=\"so-panel widget widget_sow-hero panel-first-child panel-last-child\" data-index=\"0\" ><div class=\"panel-widget-style panel-widget-style-for-4109-0-0-0\" ><div\n\t\t\t\n\t\t\tclass=\"so-widget-sow-hero so-widget-sow-hero-default-300afb50cdbf-4109\"\n\t\t\t\n\t\t>\t\t\t\t<div class=\"sow-slider-base\" style=\"display: none\" tabindex=\"0\">\n\t\t\t\t\t<ul\n\t\t\t\t\tclass=\"sow-slider-images\"\n\t\t\t\t\tdata-settings=\"{&quot;pagination&quot;:true,&quot;speed&quot;:800,&quot;timeout&quot;:8000,&quot;paused&quot;:false,&quot;pause_on_hover&quot;:false,&quot;swipe&quot;:true,&quot;nav_always_show_desktop&quot;:&quot;&quot;,&quot;nav_always_show_mobile&quot;:&quot;&quot;,&quot;breakpoint&quot;:&quot;780px&quot;,&quot;unmute&quot;:false,&quot;anchor&quot;:null}\"\n\t\t\t\t\t\t\t\t\t\tdata-anchor-id=\"\"\n\t\t\t\t>\t\t<li class=\"sow-slider-image  sow-slider-image-cover\" style=\"visibility: visible;;background-color: #ffffff\" >\n\t\t\t\t\t<div class=\"sow-slider-image-container\">\n\t\t\t<div class=\"sow-slider-image-wrapper\">\n\t\t\t\t<h6><span lang=\"PT\"><span style=\"color: #000000;font-family: Calibri\">Based on values of transparency, integrity and responsibility, our work is a contribution to good governance and to the quality of democracy.<\/span><\/span><\/h6>\t\t\t<\/div>\n\t\t<\/div>\n\t\t<div class=\"sow-slider-image-overlay sow-slider-image-cover\" style=\"opacity: 0.35;background-image: url(https:\/\/transparencia.pt\/wp-content\/uploads\/2017\/11\/Photo-by-John-Simitopoulos-on-Unsplash.jpg)\"  ><\/div>\t\t<\/li>\n\t\t<\/ul>\t\t\t\t<ol class=\"sow-slider-pagination\">\n\t\t\t\t\t\t\t\t\t\t\t<li><a href=\"#\" data-goto=\"0\" aria-label=\"Display slide 1\"><\/a><\/li>\n\t\t\t\t\t\t\t\t\t<\/ol>\n\n\t\t\t\t<div class=\"sow-slide-nav sow-slide-nav-next\">\n\t\t\t\t\t<a href=\"#\" data-goto=\"next\" aria-label=\"Next slide\" data-action=\"next\">\n\t\t\t\t\t\t<em class=\"sow-sld-icon-thin-right\"><\/em>\n\t\t\t\t\t<\/a>\n\t\t\t\t<\/div>\n\n\t\t\t\t<div class=\"sow-slide-nav sow-slide-nav-prev\">\n\t\t\t\t\t<a href=\"#\" data-goto=\"previous\" aria-label=\"Previous slide\" data-action=\"prev\">\n\t\t\t\t\t\t<em class=\"sow-sld-icon-thin-left\"><\/em>\n\t\t\t\t\t<\/a>\n\t\t\t\t<\/div>\n\t\t\t\t<\/div><\/div><\/div><\/div><\/div><\/div><div id=\"pg-4109-1\"  class=\"panel-grid panel-has-style\" ><div class=\"siteorigin-panels-stretch panel-row-style panel-row-style-for-4109-1\" data-stretch-type=\"full\" ><div id=\"pgc-4109-1-0\"  class=\"panel-grid-cell\" ><div id=\"panel-4109-1-0-0\" class=\"so-panel widget widget_sow-editor panel-first-child panel-last-child\" data-index=\"1\" ><div class=\"panel-widget-style panel-widget-style-for-4109-1-0-0\" ><div\n\t\t\t\n\t\t\tclass=\"so-widget-sow-editor so-widget-sow-editor-base\"\n\t\t\t\n\t\t>\n<div class=\"siteorigin-widget-tinymce textwidget\">\n\t<p><span lang=\"PT\"><span style=\"color: #000000; font-family: Calibri;\">Transpar\u00eancia e Integridade is an independent, nonprofit civic association of public benefit. It is the Portuguese offshoot of the global anti-corruption network Transparency International, which is present in more than 100 countries.<\/span><\/span><\/p>\n<p><span lang=\"PT\"><span style=\"color: #000000; font-family: Calibri;\">Created on 17 September 2010, TI is a recognized development NGO. It is the Civil Society Focal Point (CSFP) of the Civil Society Pillar of the Community of Democracies and a member of the Tax Justice Network.<br \/>\n<\/span><\/span><\/p>\n<p><span lang=\"PT\"><span style=\"color: #000000; font-family: Calibri;\">By fighting corruption and fostering values of transparency, integrity and responsibility among citizens, institutions, public and private firms and in public opinion, TI aims to promote democratic legality and good governance. It runs campaigns, investigation projects and training sessions, and cooperates with other governmental and non-governmental organizations.<\/span><\/span><\/p>\n<p><span lang=\"PT\"><span style=\"color: #000000; font-family: Calibri;\">Our aim is to help strengthen democracy in Portugal so that a more just society emerges. To this end, we favor genuine access to information so that citizens can be better-informed and participate more fully in the democratic process.<\/span><\/span><\/p>\n<\/div>\n<\/div><\/div><\/div><\/div><\/div><\/div><div id=\"pg-4109-2\"  class=\"panel-grid panel-has-style\" ><div class=\"panel-row-style panel-row-style-for-4109-2\" ><div id=\"pgc-4109-2-0\"  class=\"panel-grid-cell\" ><div id=\"panel-4109-2-0-0\" class=\"so-panel widget widget_sow-headline panel-first-child panel-last-child\" data-index=\"2\" ><div\n\t\t\t\n\t\t\tclass=\"so-widget-sow-headline so-widget-sow-headline-default-b33d0bb84047-4109\"\n\t\t\t\n\t\t><div class=\"sow-headline-container \">\n\t\t\t\t\t\t\t<h1 class=\"sow-headline\">\n\t\t\t\t\t\t\u00c1reas de atua\u00e7\u00e3o\t\t\t\t\t\t<\/h1>\n\t\t\t\t\t\t\t\t\t\t\t<div class=\"decoration\">\n\t\t\t\t\t\t<div class=\"decoration-inside\"><\/div>\n\t\t\t\t\t<\/div>\n\t\t\t\t\t<\/div>\n<\/div><\/div><\/div><\/div><\/div><div id=\"pg-4109-3\"  class=\"panel-grid panel-has-style\" ><div class=\"panel-row-style panel-row-style-for-4109-3\" ><div id=\"pgc-4109-3-0\"  class=\"panel-grid-cell\" ><div id=\"panel-4109-3-0-0\" class=\"so-panel widget widget_sow-features panel-first-child\" data-index=\"3\" ><div class=\"panel-widget-style panel-widget-style-for-4109-3-0-0\" ><div\n\t\t\t\n\t\t\tclass=\"so-widget-sow-features so-widget-sow-features-default-d3d64c7728e9-4109\"\n\t\t\t\n\t\t><ul\n\tclass=\"sow-features-list\n\tsow-features-responsive\">\n\n\t\t\t<li\n\t\t\tclass=\"sow-features-feature sow-icon-container-position-top\"\n\t\t\tstyle=\"display: flex; flex-direction: column; width: calc(33.333% - 25px);\"\n\t\t>\n\t\t\t\n\t\t\t\t\t\t<div\t\t\t\tclass=\"sow-icon-container sow-container-none\"\n\t\t\t\tstyle=\"color: #404040; \"\n\t\t\t\t\n\t\t\t\t\t\t\t>\n\t\t\t\t<span class=\"sow-icon-fontawesome sow-fas\" data-sow-icon=\"&#xf22c;\"\n\t\tstyle=\"font-size: 100px; color: #6b97bf\" \n\t\taria-hidden=\"true\"><\/span>\t\t\t<\/div>\n\n\t\t\t<div class=\"textwidget\">\n\t\t\t\t\n\t\t\t\t\t\t\t\t\t<h5 class=\"sow-features-feature-title\">\n\t\t\t\t\t\tInvestiga\u00e7\u00e3o\t\t\t\t\t<\/h5>\n\t\t\t\t\n\t\t\t\t\t\t\t\t\t<div class=\"sow-features-feature-text\">\n\t\t\t\t\t<p><span style=\"color: #0397d6\">Desenvolvemos de modo ativo e sistem\u00e1tico atividades de investiga\u00e7\u00e3o aplicada \u00e0s quest\u00f5es da Boa Governan\u00e7a e da Corrup\u00e7\u00e3o em diferentes \u00e1reas, nomeadamente pelo estreitamento de sinergias com entidades do sistema cient\u00edfico nacional (Universidades, Centros de Investiga\u00e7\u00e3o), mas tamb\u00e9m pelo apoio \u00e0 pesquisa de investigadores e estudantes trabalhando as tem\u00e1ticas em que somos especialistas.<\/span><\/p>\t\t\t\t\t<\/div>\n\t\t\t\t\t\t\t\t<\/div>\n\t\t\t\t\t\t\t\t<\/li>\n\n\t\t\t<li\n\t\t\tclass=\"sow-features-feature sow-icon-container-position-top\"\n\t\t\tstyle=\"display: flex; flex-direction: column; width: calc(33.333% - 25px);\"\n\t\t>\n\t\t\t\n\t\t\t\t\t\t<div\t\t\t\tclass=\"sow-icon-container sow-container-none\"\n\t\t\t\tstyle=\"color: #404040; \"\n\t\t\t\t\n\t\t\t\t\t\t\t>\n\t\t\t\t<span class=\"sow-icon-fontawesome sow-fas\" data-sow-icon=\"&#xf080;\"\n\t\tstyle=\"font-size: 100px; color: #6b97bf\" \n\t\taria-hidden=\"true\"><\/span>\t\t\t<\/div>\n\n\t\t\t<div class=\"textwidget\">\n\t\t\t\t\n\t\t\t\t\t\t\t\t\t<h5 class=\"sow-features-feature-title\">\n\t\t\t\t\t\tAvalia\u00e7\u00e3o e Monitoriza\u00e7\u00e3o\t\t\t\t\t<\/h5>\n\t\t\t\t\n\t\t\t\t\t\t\t\t\t<div class=\"sow-features-feature-text\">\n\t\t\t\t\t<p><span style=\"color: #0397d6\">Avaliamos de forma regular o progresso na implementa\u00e7\u00e3o de conven\u00e7\u00f5es e acordos internacionais versando a boa governan\u00e7a e a corrup\u00e7\u00e3o, de legisla\u00e7\u00e3o nacional e comunit\u00e1ria de preven\u00e7\u00e3o e combate \u00e0 corrup\u00e7\u00e3o, nomeadamente no que se refere ao branqueamento de capitais e financiamento do terrorismo, regula\u00e7\u00e3o do lobby e conflitos de interesses e financiamento pol\u00edtico.<\/span><\/p>\t\t\t\t\t<\/div>\n\t\t\t\t\t\t\t\t<\/div>\n\t\t\t\t\t\t\t\t<\/li>\n\n\t\t\t<li\n\t\t\tclass=\"sow-features-feature sow-icon-container-position-top\"\n\t\t\tstyle=\"display: flex; flex-direction: column; width: calc(33.333% - 25px);\"\n\t\t>\n\t\t\t\n\t\t\t\t\t\t<div\t\t\t\tclass=\"sow-icon-container sow-container-none\"\n\t\t\t\tstyle=\"color: #404040; \"\n\t\t\t\t\n\t\t\t\t\t\t\t>\n\t\t\t\t<span class=\"sow-icon-fontawesome sow-fas\" data-sow-icon=\"&#xf19d;\"\n\t\tstyle=\"font-size: 100px; color: #6b97bf\" \n\t\taria-hidden=\"true\"><\/span>\t\t\t<\/div>\n\n\t\t\t<div class=\"textwidget\">\n\t\t\t\t\n\t\t\t\t\t\t\t\t\t<h5 class=\"sow-features-feature-title\">\n\t\t\t\t\t\tEduca\u00e7\u00e3o, Forma\u00e7\u00e3o e Sensibiliza\u00e7\u00e3o\t\t\t\t\t<\/h5>\n\t\t\t\t\n\t\t\t\t\t\t\t\t\t<div class=\"sow-features-feature-text\">\n\t\t\t\t\t<p><span style=\"color: #0397d6\">Uma sociedade civil atenta, informada e participativa, que repudia a m\u00e1 governan\u00e7a e a corrup\u00e7\u00e3o e exige os mais elevados padr\u00f5es de transpar\u00eancia, integridade e responsabilidade das institui\u00e7\u00f5es \u00e9 fundamental para cumprimento da nossa miss\u00e3o. Por isso mesmo desenvolvemos a\u00e7\u00f5es de educa\u00e7\u00e3o, forma\u00e7\u00e3o e sensibiliza\u00e7\u00e3o para diferentes p\u00fablicos-alvo.<\/span><\/p>\t\t\t\t\t<\/div>\n\t\t\t\t\t\t\t\t<\/div>\n\t\t\t\t\t\t\t\t<\/li>\n\n\t<\/ul>\n<\/div><\/div><\/div><div id=\"panel-4109-3-0-1\" class=\"so-panel widget widget_sow-features panel-last-child\" data-index=\"4\" ><div class=\"panel-widget-style panel-widget-style-for-4109-3-0-1\" ><div\n\t\t\t\n\t\t\tclass=\"so-widget-sow-features so-widget-sow-features-default-d3d64c7728e9-4109\"\n\t\t\t\n\t\t><ul\n\tclass=\"sow-features-list\n\tsow-features-responsive\">\n\n\t\t\t<li\n\t\t\tclass=\"sow-features-feature sow-icon-container-position-top\"\n\t\t\tstyle=\"display: flex; flex-direction: column; width: calc(33.333% - 25px);\"\n\t\t>\n\t\t\t\n\t\t\t\t\t\t<div\t\t\t\tclass=\"sow-icon-container sow-container-none\"\n\t\t\t\tstyle=\"color: #404040; \"\n\t\t\t\t\n\t\t\t\t\t\t\t>\n\t\t\t\t<span class=\"sow-icon-fontawesome sow-fas\" data-sow-icon=\"&#xf0a1;\"\n\t\tstyle=\"font-size: 100px; color: #6b97bf\" \n\t\taria-hidden=\"true\"><\/span>\t\t\t<\/div>\n\n\t\t\t<div class=\"textwidget\">\n\t\t\t\t\n\t\t\t\t\t\t\t\t\t<h5 class=\"sow-features-feature-title\">\n\t\t\t\t\t\tApoio a Denunciantes e V\u00edtimas de Corrup\u00e7\u00e3o\t\t\t\t\t<\/h5>\n\t\t\t\t\n\t\t\t\t\t\t\t\t\t<div class=\"sow-features-feature-text\">\n\t\t\t\t\t<p><span style=\"color: #0397d6\">O servi\u00e7o de apoio a denunciantes e v\u00edtimas de corrup\u00e7\u00e3o \u00e9 priorit\u00e1rio, e acompanha a nossa atividade desde 2011. Associado ao amplo trabalho de investiga\u00e7\u00e3o j\u00e1 desenvolvido sobre esta mat\u00e9ria, temos procurado apoiar e aconselhar todas as pessoas que nos contactam denunciando situa\u00e7\u00f5es de corrup\u00e7\u00e3o, m\u00e1 governan\u00e7a, conflitos de interesses e conluio, mas tamb\u00e9m todas aquelas que se nos dirigem por dificuldades no acesso \u00e0 justi\u00e7a.<\/span><\/p>\t\t\t\t\t<\/div>\n\t\t\t\t\t\t\t\t<\/div>\n\t\t\t\t\t\t\t\t<\/li>\n\n\t\t\t<li\n\t\t\tclass=\"sow-features-feature sow-icon-container-position-top\"\n\t\t\tstyle=\"display: flex; flex-direction: column; width: calc(33.333% - 25px);\"\n\t\t>\n\t\t\t\n\t\t\t\t\t\t<div\t\t\t\tclass=\"sow-icon-container sow-container-none\"\n\t\t\t\tstyle=\"color: #404040; \"\n\t\t\t\t\n\t\t\t\t\t\t\t>\n\t\t\t\t<span class=\"sow-icon-fontawesome sow-far\" data-sow-icon=\"&#xf086;\"\n\t\tstyle=\"font-size: 100px; color: #6b97bf\" \n\t\taria-hidden=\"true\"><\/span>\t\t\t<\/div>\n\n\t\t\t<div class=\"textwidget\">\n\t\t\t\t\n\t\t\t\t\t\t\t\t\t<h5 class=\"sow-features-feature-title\">\n\t\t\t\t\t\tMobiliza\u00e7\u00e3o e Advocacy\t\t\t\t\t<\/h5>\n\t\t\t\t\n\t\t\t\t\t\t\t\t\t<div class=\"sow-features-feature-text\">\n\t\t\t\t\t<p><span style=\"color: #0397d6\">\u00c9 essencial que\u00a0 a corrup\u00e7\u00e3o e a m\u00e1 governan\u00e7a sejam entendidos como coletivamente relevantes e pass\u00edveis de serem tratados e combatidos atrav\u00e9s de pol\u00edticas p\u00fablicas. Para tal organizamos campanhas e mobilizamos um n\u00famero progressivamente mais vasto de pessoas e institui\u00e7\u00f5es\u00a0 apostadas em agir em prol da mudan\u00e7a social.\u00a0<\/span><\/p>\t\t\t\t\t<\/div>\n\t\t\t\t\t\t\t\t<\/div>\n\t\t\t\t\t\t\t\t<\/li>\n\n\t\t\t<li\n\t\t\tclass=\"sow-features-feature sow-icon-container-position-top\"\n\t\t\tstyle=\"display: flex; flex-direction: column; width: calc(33.333% - 25px);\"\n\t\t>\n\t\t\t\n\t\t\t\t\t\t<div\t\t\t\tclass=\"sow-icon-container sow-container-none\"\n\t\t\t\tstyle=\"color: #404040; \"\n\t\t\t\t\n\t\t\t\t\t\t\t>\n\t\t\t\t<span class=\"sow-icon-fontawesome sow-far\" data-sow-icon=\"&#xf2b5;\"\n\t\tstyle=\"font-size: 100px; color: #6b97bf\" \n\t\taria-hidden=\"true\"><\/span>\t\t\t<\/div>\n\n\t\t\t<div class=\"textwidget\">\n\t\t\t\t\n\t\t\t\t\t\t\t\t\t<h5 class=\"sow-features-feature-title\">\n\t\t\t\t\t\tCoopera\u00e7\u00e3o para o Desenvolvimento\t\t\t\t\t<\/h5>\n\t\t\t\t\n\t\t\t\t\t\t\t\t\t<div class=\"sow-features-feature-text\">\n\t\t\t\t\t<p><span style=\"color: #0397d6\">A Agenda 2030 das Na\u00e7\u00f5es Unidas e as quest\u00f5es do financiamento para o desenvolvimento sustent\u00e1vel norteiam o nosso trabalho de coopera\u00e7\u00e3o com parceiros dos Pa\u00edses de L\u00edngua Oficial Portuguesa, nomeadamente no \u00e2mbito da Rede pela Boa Governan\u00e7a na Lusofonia (redeGov.net). Com os Centros de Integridade P\u00fablica de Mo\u00e7ambique e de S\u00e3o Tom\u00e9 e Pr\u00edncipe,\u00a0 e acad\u00e9micos e ativistas portugueses, de Cabo Verde, Angola, Guin\u00e9 Bissau e Timor Leste, trabalhamos em prol da capacita\u00e7\u00e3o institucional, da transpar\u00eancia na gest\u00e3o da Ajuda P\u00fablica ao Desenvolvimento e no combate \u00e0 corrup\u00e7\u00e3o e desvio de fundos para fins il\u00edcitos.<\/span><\/p>\t\t\t\t\t<\/div>\n\t\t\t\t\t\t\t\t<\/div>\n\t\t\t\t\t\t\t\t<\/li>\n\n\t<\/ul>\n<\/div><\/div><\/div><\/div><\/div><\/div><div id=\"pg-4109-4\"  class=\"panel-grid panel-has-style\" ><div id=\"Doadores\" class=\"panel-row-style panel-row-style-for-4109-4\" ><div id=\"pgc-4109-4-0\"  class=\"panel-grid-cell\" ><div id=\"panel-4109-4-0-0\" class=\"so-panel widget widget_sow-headline panel-first-child\" data-index=\"5\" ><div\n\t\t\t\n\t\t\tclass=\"so-widget-sow-headline so-widget-sow-headline-default-1dfaca30975e-4109\"\n\t\t\t\n\t\t><div class=\"sow-headline-container \">\n\t\t\t\t\t\t\t<h1 class=\"sow-headline\">\n\t\t\t\t\t\tDoadores Institucionais\t\t\t\t\t\t<\/h1>\n\t\t\t\t\t\t\t\t\t\t\t<div class=\"decoration\">\n\t\t\t\t\t\t<div class=\"decoration-inside\"><\/div>\n\t\t\t\t\t<\/div>\n\t\t\t\t\t<\/div>\n<\/div><\/div><div id=\"panel-4109-4-0-1\" class=\"so-panel widget widget_sow-editor panel-last-child\" data-index=\"6\" ><div class=\"panel-widget-style panel-widget-style-for-4109-4-0-1\" ><div\n\t\t\t\n\t\t\tclass=\"so-widget-sow-editor so-widget-sow-editor-base\"\n\t\t\t\n\t\t>\n<div class=\"siteorigin-widget-tinymce textwidget\">\n\t<p>In addition to membership fees and donations, TI currently receives financial support from the following institutional donors:<\/p>\n<p>JB Fernandes Memorial Trust<\/p>\n<p>European Commission:<\/p>\n<ul>\n<li>Education, Audiovisual and Culture Executive Agency (EACEA)<\/li>\n<li>DG Regional and Urban Policy (REGIO)<\/li>\n<\/ul>\n<p>Transparency International Secretariat (TI-S)<\/p>\n<p>Open Society Foundations (OSF)<\/p>\n<p>Adessium Foundation<\/p>\n<\/div>\n<\/div><\/div><\/div><\/div><\/div><\/div><\/div>","protected":false},"excerpt":{"rendered":"<p>Transpar\u00eancia e Integridade is an independent, nonprofit civic association of public benefit. It is the Portuguese offshoot of the global anti-corruption network Transparency International, which is present in more than 100 countries. Created on 17 September 2010, TI is a<\/p>\n","protected":false},"author":54,"featured_media":0,"parent":0,"menu_order":0,"comment_status":"closed","ping_status":"closed","template":"","meta":{"inline_featured_image":false,"footnotes":""},"class_list":["post-4109","page","type-page","status-publish","hentry"],"aioseo_notices":[],"jetpack_sharing_enabled":true,"_links":{"self":[{"href":"https:\/\/transparencia.pt\/en\/wp-json\/wp\/v2\/pages\/4109","targetHints":{"allow":["GET"]}}],"collection":[{"href":"https:\/\/transparencia.pt\/en\/wp-json\/wp\/v2\/pages"}],"about":[{"href":"https:\/\/transparencia.pt\/en\/wp-json\/wp\/v2\/types\/page"}],"author":[{"embeddable":true,"href":"https:\/\/transparencia.pt\/en\/wp-json\/wp\/v2\/users\/54"}],"replies":[{"embeddable":true,"href":"https:\/\/transparencia.pt\/en\/wp-json\/wp\/v2\/comments?post=4109"}],"version-history":[{"count":9,"href":"https:\/\/transparencia.pt\/en\/wp-json\/wp\/v2\/pages\/4109\/revisions"}],"predecessor-version":[{"id":4125,"href":"https:\/\/transparencia.pt\/en\/wp-json\/wp\/v2\/pages\/4109\/revisions\/4125"}],"wp:attachment":[{"href":"https:\/\/transparencia.pt\/en\/wp-json\/wp\/v2\/media?parent=4109"}],"curies":[{"name":"wp","href":"https:\/\/api.w.org\/{rel}","templated":true}]}}