{"id":4146,"date":"2018-04-28T12:06:59","date_gmt":"2018-04-28T12:06:59","guid":{"rendered":"https:\/\/transparencia.pt\/?page_id=4146"},"modified":"2020-07-03T11:26:39","modified_gmt":"2020-07-03T10:26:39","slug":"vistos-gold","status":"publish","type":"page","link":"https:\/\/transparencia.pt\/en\/vistos-gold\/","title":{"rendered":"Golden Visas"},"content":{"rendered":"<div id=\"pl-4146\"  class=\"panel-layout\" ><div id=\"pg-4146-0\"  class=\"panel-grid panel-no-style\" ><div id=\"pgc-4146-0-0\"  class=\"panel-grid-cell\" ><div id=\"panel-4146-0-0-0\" class=\"so-panel widget widget_sow-hero panel-first-child panel-last-child\" data-index=\"0\" ><div\n\t\t\t\n\t\t\tclass=\"so-widget-sow-hero so-widget-sow-hero-default-3f5eab6aa818-4146\"\n\t\t\t\n\t\t>\t\t\t\t<div class=\"sow-slider-base\" style=\"display: none\" tabindex=\"0\">\n\t\t\t\t\t<ul\n\t\t\t\t\tclass=\"sow-slider-images\"\n\t\t\t\t\tdata-settings=\"{&quot;pagination&quot;:true,&quot;speed&quot;:800,&quot;timeout&quot;:8000,&quot;paused&quot;:false,&quot;pause_on_hover&quot;:false,&quot;swipe&quot;:true,&quot;nav_always_show_desktop&quot;:&quot;&quot;,&quot;nav_always_show_mobile&quot;:&quot;&quot;,&quot;breakpoint&quot;:&quot;780px&quot;,&quot;unmute&quot;:false,&quot;anchor&quot;:null}\"\n\t\t\t\t\t\t\t\t\t\tdata-anchor-id=\"\"\n\t\t\t\t>\t\t<li class=\"sow-slider-image  sow-slider-image-cover\" style=\"visibility: visible;;background-color: #333333;background-image: url(https:\/\/transparencia.pt\/wp-content\/uploads\/2018\/03\/jacky-lo-169262-unsplash-e1519916378572-1170x506.jpg)\" >\n\t\t\t\t\t<div class=\"sow-slider-image-container\">\n\t\t\t<div class=\"sow-slider-image-wrapper\">\n\t\t\t\t<h2 style=\"text-align: center\">VISTOS GOLD<\/h2>\n\t\t\t<\/div>\n\t\t<\/div>\n\t\t\t\t<\/li>\n\t\t<\/ul>\t\t\t\t<ol class=\"sow-slider-pagination\">\n\t\t\t\t\t\t\t\t\t\t\t<li><a href=\"#\" data-goto=\"0\" aria-label=\"Display slide 1\"><\/a><\/li>\n\t\t\t\t\t\t\t\t\t<\/ol>\n\n\t\t\t\t<div class=\"sow-slide-nav sow-slide-nav-next\">\n\t\t\t\t\t<a href=\"#\" data-goto=\"next\" aria-label=\"Next slide\" data-action=\"next\">\n\t\t\t\t\t\t<em class=\"sow-sld-icon-thin-right\"><\/em>\n\t\t\t\t\t<\/a>\n\t\t\t\t<\/div>\n\n\t\t\t\t<div class=\"sow-slide-nav sow-slide-nav-prev\">\n\t\t\t\t\t<a href=\"#\" data-goto=\"previous\" aria-label=\"Previous slide\" data-action=\"prev\">\n\t\t\t\t\t\t<em class=\"sow-sld-icon-thin-left\"><\/em>\n\t\t\t\t\t<\/a>\n\t\t\t\t<\/div>\n\t\t\t\t<\/div><\/div><\/div><\/div><\/div><div id=\"pg-4146-1\"  class=\"panel-grid panel-no-style\" ><div id=\"pgc-4146-1-0\"  class=\"panel-grid-cell\" ><div id=\"panel-4146-1-0-0\" class=\"so-panel widget widget_sow-editor panel-first-child panel-last-child\" data-index=\"1\" ><div class=\"panel-widget-style panel-widget-style-for-4146-1-0-0\" ><div\n\t\t\t\n\t\t\tclass=\"so-widget-sow-editor so-widget-sow-editor-base\"\n\t\t\t\n\t\t>\n<div class=\"siteorigin-widget-tinymce textwidget\">\n\t<p>Foreigners may have various reasons for wanting to invest in Portugal and acquire a residence permit. They may wish to protect their assets from an unstable political and economic situation in their country of origin; they may wish to secure residence for their children so that they can benefit from a better educational system.<\/p>\n<p>However, investing and placing assets abroad can also be used to <strong>launder money derived from crime or corruption, to finance terrorism or organized crime more discreetly or out of reach of the relevant authorities, or to evade taxes in their country of origin<\/strong>.<\/p>\n<\/div>\n<\/div><\/div><\/div><\/div><\/div><div id=\"pg-4146-2\"  class=\"panel-grid panel-has-style\" ><div class=\"panel-row-style panel-row-style-for-4146-2\" ><div id=\"pgc-4146-2-0\"  class=\"panel-grid-cell\" ><div id=\"panel-4146-2-0-0\" class=\"so-panel widget widget_sow-editor panel-first-child\" data-index=\"2\" ><div\n\t\t\t\n\t\t\tclass=\"so-widget-sow-editor so-widget-sow-editor-base\"\n\t\t\t\n\t\t>\n<div class=\"siteorigin-widget-tinymce textwidget\">\n\t<h2>Golden Visas: Investment or Money Laundering?<\/h2>\n<p>The Stockholm Program, a roadmap for the work of the European Union (EU) with regard to justice and security, highlights the need for cooperation among member states in controlling the access of non-EU citizens to Europe, in order to combat cross-border crime.<\/p>\n<p>Portugal has had a Golden Visa Program (Residence Permit for Investment Activity) since 2012. The program was created to attract investment, but has already led to a court case involving Ant\u00f3nio Figueiredo, ex-president of the Institute of Notaries; Miguel Macedo, former Minister of Internal Affairs; Maria Antonia Anes, ex-General Secretary of the Ministry of Justice; Manuel Palos, ex-Director of the Immigration Service, and Chinese businessman Zhu Xiaodong.<\/p>\n<p>This case is just one example of the risks of corruption <i>commonly<\/i>\u00a0associated with the Golden Visa program: money laundering, the financing of organized crime or terrorism, and tax evasion.<\/p>\n<\/div>\n<\/div><\/div><div id=\"panel-4146-2-0-1\" class=\"so-panel widget widget_sow-button panel-last-child\" data-index=\"3\" ><div\n\t\t\t\n\t\t\tclass=\"so-widget-sow-button so-widget-sow-button-wire-2378823bc738-4146\"\n\t\t\t\n\t\t><div class=\"ow-button-base ow-button-align-left\"\n>\n\t\t\t<a\n\t\t\t\t\thref=\"https:\/\/transparencia.pt\/wp-content\/uploads\/2018\/01\/TI-PT_Vistos-Gold_2017.pdf\"\n\t\t\t\t\tclass=\"sowb-button ow-icon-placement-left\" \t>\n\t\t<span>\n\t\t\t\n\t\t\tLeia a nossa an\u00e1lise e recomenda\u00e7\u00f5es\t\t<\/span>\n\t\t\t<\/a>\n\t<\/div>\n<\/div><\/div><\/div><div id=\"pgc-4146-2-1\"  class=\"panel-grid-cell\" ><div id=\"panel-4146-2-1-0\" class=\"so-panel widget widget_sow-image panel-first-child panel-last-child\" data-index=\"4\" ><div\n\t\t\t\n\t\t\tclass=\"so-widget-sow-image so-widget-sow-image-default-8b5b6f678277-4146\"\n\t\t\t\n\t\t>\n<div class=\"sow-image-container\">\n\t\t<img \n\tsrc=\"https:\/\/transparencia.pt\/wp-content\/uploads\/2018\/01\/goldenvisacover.png\" title=\"Golden Visas\" alt=\"\" \t\tclass=\"so-widget-image\"\/>\n\t<\/div>\n\n<\/div><\/div><\/div><\/div><\/div><div id=\"pg-4146-3\"  class=\"panel-grid panel-has-style\" ><div class=\"siteorigin-panels-stretch panel-row-style panel-row-style-for-4146-3\" data-stretch-type=\"full\" ><div id=\"pgc-4146-3-0\"  class=\"panel-grid-cell\" ><div id=\"panel-4146-3-0-0\" class=\"so-panel widget widget_sow-image panel-first-child panel-last-child\" data-index=\"5\" ><div\n\t\t\t\n\t\t\tclass=\"so-widget-sow-image so-widget-sow-image-default-8b5b6f678277-4146\"\n\t\t\t\n\t\t>\n<div class=\"sow-image-container\">\n\t\t<img fetchpriority=\"high\" \n\tsrc=\"https:\/\/transparencia.pt\/wp-content\/uploads\/2018\/03\/Captura-de-ecra\u0303-2018-03-04-a\u0300s-23.44.34.png\" width=\"750\" height=\"529\" srcset=\"https:\/\/transparencia.pt\/wp-content\/uploads\/2018\/03\/Captura-de-ecra\u0303-2018-03-04-a\u0300s-23.44.34.png 887w, https:\/\/transparencia.pt\/wp-content\/uploads\/2018\/03\/Captura-de-ecra\u0303-2018-03-04-a\u0300s-23.44.34-300x212.png 300w, https:\/\/transparencia.pt\/wp-content\/uploads\/2018\/03\/Captura-de-ecra\u0303-2018-03-04-a\u0300s-23.44.34-768x542.png 768w\" sizes=\"(max-width: 750px) 100vw, 750px\" title=\"Captura de ecra\u0303 2018-03-04, a\u0300s 23.44.34\" alt=\"\" \t\tclass=\"so-widget-image\"\/>\n\t<\/div>\n\n<\/div><\/div><\/div><div id=\"pgc-4146-3-1\"  class=\"panel-grid-cell\" ><div id=\"panel-4146-3-1-0\" class=\"so-panel widget widget_sow-editor panel-first-child\" data-index=\"6\" ><div\n\t\t\t\n\t\t\tclass=\"so-widget-sow-editor so-widget-sow-editor-base\"\n\t\t\t\n\t\t>\n<div class=\"siteorigin-widget-tinymce textwidget\">\n\t<h1><span style=\"color: #000000;\">Golden Visa<\/span><\/h1>\n<p><span style=\"color: #000000;\">The Portuguese Residence Permit for Investment (ARI\/Golden Visa) was launched in October 2012.<\/span><\/p>\n<p>Since then, over 15,200 individuals and their families were granted residence permits in Portugal and full access to the Schengen area, representing 4% of the total number of immigrants living in Portugal.<\/p>\n<p>The Immigration and Borders Service (SEF) says it has generated more than 3,5 billion euros, but the truth is the program did not have the expected impact on the Portuguese economy.<\/p>\n<\/div>\n<\/div><\/div><div id=\"panel-4146-3-1-1\" class=\"so-panel widget widget_sow-button panel-last-child\" data-index=\"7\" ><div\n\t\t\t\n\t\t\tclass=\"so-widget-sow-button so-widget-sow-button-wire-eafd7b176b6f-4146\"\n\t\t\t\n\t\t><div class=\"ow-button-base ow-button-align-left\"\n>\n\t\t\t<a\n\t\t\t\t\thref=\"https:\/\/transparencia.pt\/wp-content\/uploads\/2018\/03\/TI-PT_Golden-Investments-or-Golden-Cityscape_March2018.pdf\"\n\t\t\t\t\tclass=\"sowb-button ow-icon-placement-left ow-button-hover\" \t>\n\t\t<span>\n\t\t\t\n\t\t\tRead more\t\t<\/span>\n\t\t\t<\/a>\n\t<\/div>\n<\/div><\/div><\/div><\/div><\/div><\/div>","protected":false},"excerpt":{"rendered":"<p>Foreigners may have various reasons for wanting to invest in Portugal and acquire a residence permit. They may wish to protect their assets from an unstable political and economic situation in their country of origin; they may wish to secure<\/p>\n","protected":false},"author":54,"featured_media":0,"parent":0,"menu_order":0,"comment_status":"closed","ping_status":"closed","template":"","meta":{"inline_featured_image":false,"footnotes":""},"class_list":["post-4146","page","type-page","status-publish","hentry"],"aioseo_notices":[],"jetpack_sharing_enabled":true,"_links":{"self":[{"href":"https:\/\/transparencia.pt\/en\/wp-json\/wp\/v2\/pages\/4146","targetHints":{"allow":["GET"]}}],"collection":[{"href":"https:\/\/transparencia.pt\/en\/wp-json\/wp\/v2\/pages"}],"about":[{"href":"https:\/\/transparencia.pt\/en\/wp-json\/wp\/v2\/types\/page"}],"author":[{"embeddable":true,"href":"https:\/\/transparencia.pt\/en\/wp-json\/wp\/v2\/users\/54"}],"replies":[{"embeddable":true,"href":"https:\/\/transparencia.pt\/en\/wp-json\/wp\/v2\/comments?post=4146"}],"version-history":[{"count":11,"href":"https:\/\/transparencia.pt\/en\/wp-json\/wp\/v2\/pages\/4146\/revisions"}],"predecessor-version":[{"id":8905,"href":"https:\/\/transparencia.pt\/en\/wp-json\/wp\/v2\/pages\/4146\/revisions\/8905"}],"wp:attachment":[{"href":"https:\/\/transparencia.pt\/en\/wp-json\/wp\/v2\/media?parent=4146"}],"curies":[{"name":"wp","href":"https:\/\/api.w.org\/{rel}","templated":true}]}}